{"id":53,"date":"2019-04-18T11:16:34","date_gmt":"2019-04-18T11:16:34","guid":{"rendered":"https:\/\/envothemes.com\/envo-ecommerce\/?page_id=53"},"modified":"2023-08-30T11:51:40","modified_gmt":"2023-08-30T09:51:40","slug":"about-us","status":"publish","type":"page","link":"https:\/\/spk-elektro.pl\/?page_id=53","title":{"rendered":""},"content":{"rendered":"\t\t<div data-elementor-type=\"wp-post\" data-elementor-id=\"53\" class=\"elementor elementor-53\">\n\t\t\t\t\t\t<section class=\"elementor-section elementor-top-section elementor-element elementor-element-224b9b6 elementor-section-full_width elementor-section-height-default elementor-section-height-default\" data-id=\"224b9b6\" data-element_type=\"section\" data-settings=\"{&quot;background_background&quot;:&quot;classic&quot;,&quot;shape_divider_bottom&quot;:&quot;tilt&quot;}\">\n\t\t\t\t\t\t\t<div class=\"elementor-background-overlay\"><\/div>\n\t\t\t\t\t\t<div class=\"elementor-shape elementor-shape-bottom\" data-negative=\"false\">\n\t\t\t<svg xmlns=\"http:\/\/www.w3.org\/2000\/svg\" viewBox=\"0 0 1000 100\" preserveAspectRatio=\"none\">\n\t<path class=\"elementor-shape-fill\" d=\"M0,6V0h1000v100L0,6z\"\/>\n<\/svg>\t\t<\/div>\n\t\t\t\t\t<div class=\"elementor-container elementor-column-gap-default\">\n\t\t\t\t\t<div class=\"elementor-column elementor-col-100 elementor-top-column elementor-element elementor-element-d0f980b\" data-id=\"d0f980b\" data-element_type=\"column\">\n\t\t\t<div class=\"elementor-widget-wrap elementor-element-populated\">\n\t\t\t\t\t\t<section class=\"elementor-section elementor-inner-section elementor-element elementor-element-231d5ba elementor-section-boxed elementor-section-height-default elementor-section-height-default\" data-id=\"231d5ba\" data-element_type=\"section\">\n\t\t\t\t\t\t<div class=\"elementor-container elementor-column-gap-default\">\n\t\t\t\t\t<div class=\"elementor-column elementor-col-100 elementor-inner-column elementor-element elementor-element-2c9489b\" data-id=\"2c9489b\" data-element_type=\"column\">\n\t\t\t<div class=\"elementor-widget-wrap elementor-element-populated\">\n\t\t\t\t\t\t<div class=\"elementor-element elementor-element-2d06514 elementor-widget elementor-widget-heading\" data-id=\"2d06514\" data-element_type=\"widget\" data-widget_type=\"heading.default\">\n\t\t\t\t<div class=\"elementor-widget-container\">\n\t\t\t<style>\/*! elementor - v3.20.0 - 26-03-2024 *\/\n.elementor-heading-title{padding:0;margin:0;line-height:1}.elementor-widget-heading .elementor-heading-title[class*=elementor-size-]>a{color:inherit;font-size:inherit;line-height:inherit}.elementor-widget-heading .elementor-heading-title.elementor-size-small{font-size:15px}.elementor-widget-heading .elementor-heading-title.elementor-size-medium{font-size:19px}.elementor-widget-heading .elementor-heading-title.elementor-size-large{font-size:29px}.elementor-widget-heading .elementor-heading-title.elementor-size-xl{font-size:39px}.elementor-widget-heading .elementor-heading-title.elementor-size-xxl{font-size:59px}<\/style><h2 class=\"elementor-heading-title elementor-size-default\">O mnie<\/h2>\t\t<\/div>\n\t\t\t\t<\/div>\n\t\t\t\t\t<\/div>\n\t\t<\/div>\n\t\t\t\t\t<\/div>\n\t\t<\/section>\n\t\t\t\t\t<\/div>\n\t\t<\/div>\n\t\t\t\t\t<\/div>\n\t\t<\/section>\n\t\t\t\t<section class=\"elementor-section elementor-top-section elementor-element elementor-element-9a8bc7c elementor-section-boxed elementor-section-height-default elementor-section-height-default\" data-id=\"9a8bc7c\" data-element_type=\"section\">\n\t\t\t\t\t\t<div class=\"elementor-container elementor-column-gap-default\">\n\t\t\t\t\t<div class=\"elementor-column elementor-col-50 elementor-top-column elementor-element elementor-element-600fc55 animated-slow elementor-invisible\" data-id=\"600fc55\" data-element_type=\"column\" data-settings=\"{&quot;animation&quot;:&quot;fadeInLeft&quot;}\">\n\t\t\t<div class=\"elementor-widget-wrap elementor-element-populated\">\n\t\t\t\t\t\t<div class=\"elementor-element elementor-element-6da43f9 elementor-widget__width-initial elementor-widget-divider--view-line elementor-widget elementor-widget-divider\" data-id=\"6da43f9\" data-element_type=\"widget\" data-widget_type=\"divider.default\">\n\t\t\t\t<div class=\"elementor-widget-container\">\n\t\t\t<style>\/*! elementor - v3.20.0 - 26-03-2024 *\/\n.elementor-widget-divider{--divider-border-style:none;--divider-border-width:1px;--divider-color:#0c0d0e;--divider-icon-size:20px;--divider-element-spacing:10px;--divider-pattern-height:24px;--divider-pattern-size:20px;--divider-pattern-url:none;--divider-pattern-repeat:repeat-x}.elementor-widget-divider .elementor-divider{display:flex}.elementor-widget-divider .elementor-divider__text{font-size:15px;line-height:1;max-width:95%}.elementor-widget-divider .elementor-divider__element{margin:0 var(--divider-element-spacing);flex-shrink:0}.elementor-widget-divider .elementor-icon{font-size:var(--divider-icon-size)}.elementor-widget-divider .elementor-divider-separator{display:flex;margin:0;direction:ltr}.elementor-widget-divider--view-line_icon .elementor-divider-separator,.elementor-widget-divider--view-line_text .elementor-divider-separator{align-items:center}.elementor-widget-divider--view-line_icon .elementor-divider-separator:after,.elementor-widget-divider--view-line_icon .elementor-divider-separator:before,.elementor-widget-divider--view-line_text .elementor-divider-separator:after,.elementor-widget-divider--view-line_text .elementor-divider-separator:before{display:block;content:\"\";border-block-end:0;flex-grow:1;border-block-start:var(--divider-border-width) var(--divider-border-style) var(--divider-color)}.elementor-widget-divider--element-align-left .elementor-divider .elementor-divider-separator>.elementor-divider__svg:first-of-type{flex-grow:0;flex-shrink:100}.elementor-widget-divider--element-align-left .elementor-divider-separator:before{content:none}.elementor-widget-divider--element-align-left .elementor-divider__element{margin-left:0}.elementor-widget-divider--element-align-right .elementor-divider .elementor-divider-separator>.elementor-divider__svg:last-of-type{flex-grow:0;flex-shrink:100}.elementor-widget-divider--element-align-right .elementor-divider-separator:after{content:none}.elementor-widget-divider--element-align-right .elementor-divider__element{margin-right:0}.elementor-widget-divider--element-align-start .elementor-divider .elementor-divider-separator>.elementor-divider__svg:first-of-type{flex-grow:0;flex-shrink:100}.elementor-widget-divider--element-align-start .elementor-divider-separator:before{content:none}.elementor-widget-divider--element-align-start .elementor-divider__element{margin-inline-start:0}.elementor-widget-divider--element-align-end .elementor-divider .elementor-divider-separator>.elementor-divider__svg:last-of-type{flex-grow:0;flex-shrink:100}.elementor-widget-divider--element-align-end .elementor-divider-separator:after{content:none}.elementor-widget-divider--element-align-end .elementor-divider__element{margin-inline-end:0}.elementor-widget-divider:not(.elementor-widget-divider--view-line_text):not(.elementor-widget-divider--view-line_icon) .elementor-divider-separator{border-block-start:var(--divider-border-width) var(--divider-border-style) var(--divider-color)}.elementor-widget-divider--separator-type-pattern{--divider-border-style:none}.elementor-widget-divider--separator-type-pattern.elementor-widget-divider--view-line .elementor-divider-separator,.elementor-widget-divider--separator-type-pattern:not(.elementor-widget-divider--view-line) .elementor-divider-separator:after,.elementor-widget-divider--separator-type-pattern:not(.elementor-widget-divider--view-line) .elementor-divider-separator:before,.elementor-widget-divider--separator-type-pattern:not([class*=elementor-widget-divider--view]) .elementor-divider-separator{width:100%;min-height:var(--divider-pattern-height);-webkit-mask-size:var(--divider-pattern-size) 100%;mask-size:var(--divider-pattern-size) 100%;-webkit-mask-repeat:var(--divider-pattern-repeat);mask-repeat:var(--divider-pattern-repeat);background-color:var(--divider-color);-webkit-mask-image:var(--divider-pattern-url);mask-image:var(--divider-pattern-url)}.elementor-widget-divider--no-spacing{--divider-pattern-size:auto}.elementor-widget-divider--bg-round{--divider-pattern-repeat:round}.rtl .elementor-widget-divider .elementor-divider__text{direction:rtl}.e-con-inner>.elementor-widget-divider,.e-con>.elementor-widget-divider{width:var(--container-widget-width,100%);--flex-grow:var(--container-widget-flex-grow)}<\/style>\t\t<div class=\"elementor-divider\">\n\t\t\t<span class=\"elementor-divider-separator\">\n\t\t\t\t\t\t<\/span>\n\t\t<\/div>\n\t\t\t\t<\/div>\n\t\t\t\t<\/div>\n\t\t\t\t<div class=\"elementor-element elementor-element-1694963 elementor-widget__width-auto elementor-widget elementor-widget-heading\" data-id=\"1694963\" data-element_type=\"widget\" data-settings=\"{&quot;_animation&quot;:&quot;none&quot;,&quot;_animation_delay&quot;:300}\" data-widget_type=\"heading.default\">\n\t\t\t\t<div class=\"elementor-widget-container\">\n\t\t\t<h3 class=\"elementor-heading-title elementor-size-default\">o mnie<\/h3>\t\t<\/div>\n\t\t\t\t<\/div>\n\t\t\t\t<div class=\"elementor-element elementor-element-76e2d41 elementor-widget elementor-widget-heading\" data-id=\"76e2d41\" data-element_type=\"widget\" data-widget_type=\"heading.default\">\n\t\t\t\t<div class=\"elementor-widget-container\">\n\t\t\t<h2 class=\"elementor-heading-title elementor-size-default\">jak rozpocz\u0119\u0142a si\u0119 historia spk-elektro<\/h2>\t\t<\/div>\n\t\t\t\t<\/div>\n\t\t\t\t<div class=\"elementor-element elementor-element-dbb89d1 elementor-widget elementor-widget-text-editor\" data-id=\"dbb89d1\" data-element_type=\"widget\" data-widget_type=\"text-editor.default\">\n\t\t\t\t<div class=\"elementor-widget-container\">\n\t\t\t<style>\/*! elementor - v3.20.0 - 26-03-2024 *\/\n.elementor-widget-text-editor.elementor-drop-cap-view-stacked .elementor-drop-cap{background-color:#69727d;color:#fff}.elementor-widget-text-editor.elementor-drop-cap-view-framed .elementor-drop-cap{color:#69727d;border:3px solid;background-color:transparent}.elementor-widget-text-editor:not(.elementor-drop-cap-view-default) .elementor-drop-cap{margin-top:8px}.elementor-widget-text-editor:not(.elementor-drop-cap-view-default) .elementor-drop-cap-letter{width:1em;height:1em}.elementor-widget-text-editor .elementor-drop-cap{float:left;text-align:center;line-height:1;font-size:50px}.elementor-widget-text-editor .elementor-drop-cap-letter{display:inline-block}<\/style>\t\t\t\t<p>Witajcie! Jestem do\u015bwiadczonym elektrykiem z pasj\u0105, kt\u00f3ry swoje umiej\u0119tno\u015bci zdobywa\u0142 na terenie naszych zachodnich s\u0105siad\u00f3w. Przez wiele lat pracowa\u0142em zar\u00f3wno z klientami prywatnymi, nad ma\u0142ymi remontami i nowymi domkami, jak i wsp\u00f3\u0142pracowa\u0142em z renomowanymi firmami i instytucjami publicznymi. Mia\u0142em zaszczyt by\u0107 cz\u0119\u015bci\u0105 tak ambitnych projekt\u00f3w, jak na przyk\u0142ad hala kongresowo-teatralno-targowa RheinMein CongresCenter w Wiesbaden, czy kompleksy mieszkaniowe w Mainz i Wiesbaden. By\u0142em r\u00f3wnie\u017c kluczowym elementem w tworzeniu ca\u0142kowicie zautomatyzowanej hali magazynowej dla jednej z firm farmaceutycznych w Ginsheim-Gustavsburg oraz w wymianie i przebudowie instalacji elektrycznych w centrum handlowym Rheinhessen Center w Alzey.\u00a0<\/p><p>Teraz, z pe\u0142nym zaanga\u017cowaniem, pragn\u0119 podzieli\u0107 si\u0119 swoim do\u015bwiadczeniem na rodzimej ziemi. R\u00f3\u017cnorodno\u015b\u0107 projekt\u00f3w, przy kt\u00f3rych mia\u0142em okazj\u0119 pracowa\u0107, pozwoli\u0142a mi wypracowa\u0107 solidne umiej\u0119tno\u015bci, kt\u00f3re teraz chc\u0119 wykorzysta\u0107 na rzecz Pa\u0144stwa. Jako specjalista, jestem got\u00f3w doradzi\u0107, wspom\u00f3c w planowaniu oraz znalezieniu najlepszych, spersonalizowanych rozwi\u0105za\u0144. Z dum\u0105 dziel\u0119 si\u0119 wiedz\u0105 i t\u0142umacz\u0119 nawet najbardziej skomplikowane kwestie w spos\u00f3b zrozumia\u0142y. Gwarantuj\u0119 szybk\u0105 i rzeteln\u0105 realizacj\u0119 ka\u017cdego zlecenia.\u00a0<\/p><p>Moj\u0105 pasj\u0105 jest wprowadzanie innowacyjnych rozwi\u0105za\u0144 na polskim rynku. Wsp\u00f3\u0142pracuj\u0119 z dostawcami, kt\u00f3rzy oferuj\u0105 sprz\u0119t i technologie jeszcze nieznane w naszym kraju. Jestem got\u00f3w zainstalowa\u0107 nowoczesne instalacje elektryczne w budynkach o r\u00f3\u017cnym przeznaczeniu oraz zmodernizowa\u0107 istniej\u0105ce systemy. Tworz\u0119 efektywne o\u015bwietlenie, kompleksowe instalacje teleinformatyczne oraz niezawodne systemy alarmowe. Moje us\u0142ugi obejmuj\u0105 szeroki zakres dziedzin elektryki. Zapraszam do kontaktu, aby\u015bmy mogli wsp\u00f3lnie stworzy\u0107 rozwi\u0105zania dopasowane do Pa\u0144stwa potrzeb. Razem zrealizujemy projekty, kt\u00f3re przynios\u0105 satysfakcj\u0119 i bezpiecze\u0144stwo.<\/p>\t\t\t\t\t\t<\/div>\n\t\t\t\t<\/div>\n\t\t\t\t\t<\/div>\n\t\t<\/div>\n\t\t\t\t<div class=\"elementor-column elementor-col-50 elementor-top-column elementor-element elementor-element-b16bf7b\" data-id=\"b16bf7b\" data-element_type=\"column\">\n\t\t\t<div class=\"elementor-widget-wrap elementor-element-populated\">\n\t\t\t\t\t\t<div class=\"elementor-element elementor-element-b6bf83b elementor-widget elementor-widget-image\" data-id=\"b6bf83b\" data-element_type=\"widget\" data-widget_type=\"image.default\">\n\t\t\t\t<div class=\"elementor-widget-container\">\n\t\t\t<style>\/*! elementor - v3.20.0 - 26-03-2024 *\/\n.elementor-widget-image{text-align:center}.elementor-widget-image a{display:inline-block}.elementor-widget-image a img[src$=\".svg\"]{width:48px}.elementor-widget-image img{vertical-align:middle;display:inline-block}<\/style>\t\t\t\t\t\t\t\t\t\t<img fetchpriority=\"high\" decoding=\"async\" width=\"1280\" height=\"960\" src=\"https:\/\/spk-elektro.pl\/wp-content\/uploads\/2023\/08\/distributor-1981649_1280.jpg\" class=\"attachment-full size-full wp-image-746\" alt=\"\" srcset=\"https:\/\/spk-elektro.pl\/wp-content\/uploads\/2023\/08\/distributor-1981649_1280.jpg 1280w, https:\/\/spk-elektro.pl\/wp-content\/uploads\/2023\/08\/distributor-1981649_1280-600x450.jpg 600w, https:\/\/spk-elektro.pl\/wp-content\/uploads\/2023\/08\/distributor-1981649_1280-300x225.jpg 300w, https:\/\/spk-elektro.pl\/wp-content\/uploads\/2023\/08\/distributor-1981649_1280-1024x768.jpg 1024w, https:\/\/spk-elektro.pl\/wp-content\/uploads\/2023\/08\/distributor-1981649_1280-768x576.jpg 768w\" sizes=\"(max-width: 1280px) 100vw, 1280px\" \/>\t\t\t\t\t\t\t\t\t\t\t\t\t<\/div>\n\t\t\t\t<\/div>\n\t\t\t\t<div class=\"elementor-element elementor-element-f453132 elementor-widget elementor-widget-image\" data-id=\"f453132\" data-element_type=\"widget\" data-widget_type=\"image.default\">\n\t\t\t\t<div class=\"elementor-widget-container\">\n\t\t\t\t\t\t\t\t\t\t\t\t\t<img decoding=\"async\" width=\"853\" height=\"1280\" src=\"https:\/\/spk-elektro.pl\/wp-content\/uploads\/2023\/08\/backup-2087386_1280.jpg\" class=\"attachment-full size-full wp-image-744\" alt=\"\" srcset=\"https:\/\/spk-elektro.pl\/wp-content\/uploads\/2023\/08\/backup-2087386_1280.jpg 853w, https:\/\/spk-elektro.pl\/wp-content\/uploads\/2023\/08\/backup-2087386_1280-300x450.jpg 300w, https:\/\/spk-elektro.pl\/wp-content\/uploads\/2023\/08\/backup-2087386_1280-600x900.jpg 600w, https:\/\/spk-elektro.pl\/wp-content\/uploads\/2023\/08\/backup-2087386_1280-200x300.jpg 200w, https:\/\/spk-elektro.pl\/wp-content\/uploads\/2023\/08\/backup-2087386_1280-682x1024.jpg 682w, https:\/\/spk-elektro.pl\/wp-content\/uploads\/2023\/08\/backup-2087386_1280-768x1152.jpg 768w\" sizes=\"(max-width: 853px) 100vw, 853px\" \/>\t\t\t\t\t\t\t\t\t\t\t\t\t<\/div>\n\t\t\t\t<\/div>\n\t\t\t\t\t<\/div>\n\t\t<\/div>\n\t\t\t\t\t<\/div>\n\t\t<\/section>\n\t\t\t\t<\/div>\n\t\t","protected":false},"excerpt":{"rendered":"<p>O mnie o mnie jak rozpocz\u0119\u0142a si\u0119 historia spk-elektro Witajcie! Jestem do\u015bwiadczonym elektrykiem z pasj\u0105, kt\u00f3ry swoje umiej\u0119tno\u015bci zdobywa\u0142 na terenie naszych zachodnich s\u0105siad\u00f3w. Przez wiele lat pracowa\u0142em zar\u00f3wno z klientami prywatnymi, nad ma\u0142ymi remontami i nowymi domkami, jak i wsp\u00f3\u0142pracowa\u0142em z renomowanymi firmami i instytucjami publicznymi. Mia\u0142em zaszczyt by\u0107 cz\u0119\u015bci\u0105 tak ambitnych projekt\u00f3w, jak&hellip;&nbsp;<a href=\"https:\/\/spk-elektro.pl\/?page_id=53\" class=\"\" rel=\"bookmark\">Czytaj dalej &raquo;<span class=\"screen-reader-text\"><\/span><\/a><\/p>\n","protected":false},"author":1,"featured_media":0,"parent":0,"menu_order":0,"comment_status":"closed","ping_status":"closed","template":"","meta":{"om_disable_all_campaigns":false,"_monsterinsights_skip_tracking":false,"_monsterinsights_sitenote_active":false,"_monsterinsights_sitenote_note":"","_monsterinsights_sitenote_category":0,"neve_meta_sidebar":"","neve_meta_container":"","neve_meta_enable_content_width":"","neve_meta_content_width":0,"neve_meta_title_alignment":"","neve_meta_author_avatar":"","neve_post_elements_order":"","neve_meta_disable_header":"","neve_meta_disable_footer":"","neve_meta_disable_title":"","footnotes":""},"class_list":["post-53","page","type-page","status-publish","hentry"],"aioseo_notices":[],"_links":{"self":[{"href":"https:\/\/spk-elektro.pl\/index.php?rest_route=\/wp\/v2\/pages\/53","targetHints":{"allow":["GET"]}}],"collection":[{"href":"https:\/\/spk-elektro.pl\/index.php?rest_route=\/wp\/v2\/pages"}],"about":[{"href":"https:\/\/spk-elektro.pl\/index.php?rest_route=\/wp\/v2\/types\/page"}],"author":[{"embeddable":true,"href":"https:\/\/spk-elektro.pl\/index.php?rest_route=\/wp\/v2\/users\/1"}],"replies":[{"embeddable":true,"href":"https:\/\/spk-elektro.pl\/index.php?rest_route=%2Fwp%2Fv2%2Fcomments&post=53"}],"version-history":[{"count":7,"href":"https:\/\/spk-elektro.pl\/index.php?rest_route=\/wp\/v2\/pages\/53\/revisions"}],"predecessor-version":[{"id":816,"href":"https:\/\/spk-elektro.pl\/index.php?rest_route=\/wp\/v2\/pages\/53\/revisions\/816"}],"wp:attachment":[{"href":"https:\/\/spk-elektro.pl\/index.php?rest_route=%2Fwp%2Fv2%2Fmedia&parent=53"}],"curies":[{"name":"wp","href":"https:\/\/api.w.org\/{rel}","templated":true}]}}